{"id":2361,"date":"2025-10-29T13:45:49","date_gmt":"2025-10-29T13:45:49","guid":{"rendered":"https:\/\/sites.generatepress.com\/craft\/?page_id=2"},"modified":"2026-04-14T19:45:40","modified_gmt":"2026-04-14T19:45:40","slug":"home","status":"publish","type":"page","link":"https:\/\/dynamike.fr\/","title":{"rendered":"Accueil"},"content":{"rendered":"\n<section class=\"gb-element-7cb2ca09\">\n<div class=\"gb-element-befb8da8\"><\/div>\n\n\n\n<div class=\"gb-element-2479bcdf\"><\/div>\n\n\n\n<div class=\"gb-element-8ef53ce2\">\n<h1 class=\"gb-text gb-text-4072e86c\">Agence de Publicit\u00e9<\/h1>\n\n\n\n<h1 class=\"gb-text gb-text-c8800f3c\">Dynamike<\/h1>\n\n\n\n<p class=\"gb-text gb-text-b83dcfa7\">L\u2019agence brivadoise<br>Dynamike<br>vous offre diff\u00e9rents services pour am\u00e9liorer votre communication et visibilit\u00e9.<br>Tout l\u2019univers de la publicit\u00e9,&nbsp;<br><br>brochures, s\u00e9rigraphie, adh\u00e9sifs, textiles, tous supports publicitaires \u2026<br><br><\/p>\n<\/div>\n<\/section>\n\n\n\n<section class=\"gb-element-e575160a\">\n<div class=\"gb-element-30d54c1e\">\n<div class=\"gb-element-50f1cd87\">\n<div class=\"gb-element-5d84a901\"><\/div>\n\n\n\n<span class=\"gb-shape gb-shape-f1f4eb2e\"><svg xmlns=\"http:\/\/www.w3.org\/2000\/svg\"><path d=\"M2 18V7a3 3 0 0 1 3-3h14a3 3 0 0 1 3 3v11a3 3 0 0 1-3 3H5a3 3 0 0 1-3-3ZM7 8v9\" stroke-width=\"1.7\" stroke-linejoin=\"round\" stroke-linecap=\"round\" stroke=\"currentColor\" fill=\"none\"><\/path><\/svg><\/span>\n\n\n\n<h2 class=\"gb-text gb-text-b4284746\"><a href=\"https:\/\/sites.generatepress.com\/craft\/category\/creative-workspace\/\">Impression Papier<\/a><\/h2>\n\n\n\n<span class=\"gb-text gb-text-32186cb1\">Tous vos flyers, cartes, d\u00e9pliants, affiches&#8230;<\/span>\n\n\n\n<a class=\"gb-text gb-text-7fb356d1\" href=\"https:\/\/sites.generatepress.com\/craft\/category\/creative-workspace\/\">View all<\/a>\n<\/div>\n\n\n\n<div class=\"gb-element-25bbe181\">\n<div class=\"gb-element-56562d95\"><\/div>\n\n\n\n<span class=\"gb-shape gb-shape-ac3d8afd\"><svg xmlns=\"http:\/\/www.w3.org\/2000\/svg\" viewBox=\"0 0 24 24\"><path fill=\"none\" stroke=\"currentColor\" stroke-linecap=\"round\" stroke-linejoin=\"round\" stroke-width=\"2\" d=\"M8.152 15.85 21 4m-8.675 8L8.15 8.15M21 20l-6-5.533M9 6a3 3 0 1 1-6 0 3 3 0 0 1 6 0Zm0 12a3 3 0 1 1-6 0 3 3 0 0 1 6 0Z\"><\/path><\/svg><\/span>\n\n\n\n<h2 class=\"gb-text gb-text-43583402\"><a href=\"https:\/\/sites.generatepress.com\/craft\/category\/diy-handmade-projects\/\">Objets Publicitaires<\/a><\/h2>\n\n\n\n<span class=\"gb-text gb-text-d15be464\"><a href=\"https:\/\/sites.generatepress.com\/craft\/category\/diy-handmade-projects\/\">Des centaines d&#8217;objets publicitaires personnalis\u00e9s,<br>v\u00eatements, tasses, porte-clefs&#8230;<\/a><\/span>\n\n\n\n<a class=\"gb-text gb-text-2a19e4c2\" href=\"https:\/\/sites.generatepress.com\/craft\/category\/diy-handmade-projects\/\">View all<\/a>\n<\/div>\n\n\n\n<div class=\"gb-element-76582a64\">\n<div class=\"gb-element-963330e1\"><\/div>\n\n\n\n<span class=\"gb-shape gb-shape-c6be00f2\"><svg viewBox=\"0 0 24 24\" class=\"lucide lucide-briefcase\" aria-hidden=\"true\" stroke-width=\"2\" stroke-linejoin=\"round\" stroke-linecap=\"round\" stroke=\"currentColor\" height=\"28\" width=\"28\" xmlns=\"http:\/\/www.w3.org\/2000\/svg\"><path d=\"M16 20V4a2 2 0 0 0-2-2h-4a2 2 0 0 0-2 2v16\" fill=\"none\"><\/path><rect rx=\"2\" fill=\"none\" y=\"6\" x=\"2\" height=\"14\" width=\"20\"><\/rect><\/svg><\/span>\n\n\n\n<h2 class=\"gb-text gb-text-6201efa0\"><a href=\"https:\/\/sites.generatepress.com\/craft\/category\/diy-handmade-projects\/\">Grands Formats<\/a><\/h2>\n\n\n\n<span class=\"gb-text gb-text-d97ffefc\">Impression tous supports en grands format,<br>Enseignes, banni\u00e8res, Flocage de v\u00e9hicules&#8230;<br>Sur PVC, Aluminium, Akillux et PLUS !<\/span>\n\n\n\n<a class=\"gb-text gb-text-ecb58643\" href=\"https:\/\/sites.generatepress.com\/craft\/category\/freelance-work-life\/\">View all<\/a>\n<\/div>\n\n\n\n<div class=\"gb-element-82e9c6ef\">\n<div class=\"gb-element-20286746\"><\/div>\n\n\n\n<span class=\"gb-shape gb-shape-aef8b165\"><svg viewBox=\"0 0 24 24\" class=\"lucide lucide-heart\" aria-hidden=\"true\" stroke-width=\"2\" stroke-linejoin=\"round\" stroke-linecap=\"round\" stroke=\"currentColor\" height=\"28\" width=\"28\" xmlns=\"http:\/\/www.w3.org\/2000\/svg\"><path d=\"M2 9.5a5.5 5.5 0 0 1 9.591-3.676.56.56 0 0 0 .818 0A5.49 5.49 0 0 1 22 9.5c0 2.29-1.5 4-3 5.5l-5.492 5.313a2 2 0 0 1-3 .019L5 15c-1.5-1.5-3-3.2-3-5.5\" fill=\"none\"><\/path><\/svg><\/span>\n\n\n\n<h2 class=\"gb-text gb-text-79635ec5\"><a href=\"https:\/\/sites.generatepress.com\/craft\/category\/personal-inspiration-stories\/\">Sur mesure<\/a><\/h2>\n\n\n\n<span class=\"gb-text gb-text-4be01f6d\">Faites-nous part de vos projets.<\/span>\n\n\n\n<a class=\"gb-text gb-text-0db5593e\" href=\"https:\/\/sites.generatepress.com\/craft\/category\/personal-inspiration-stories\/\">View all<\/a>\n<\/div>\n<\/div>\n<\/section>\n\n\n\n<section class=\"gb-element-eeca1617\">\n<div class=\"gb-element-a3be81fc\">\n<div class=\"gb-element-ebe8eeee\">\n<div class=\"gb-element-3e2d69d8\">\n<span class=\"gb-text gb-text-2cb0aef0\">Made by you<\/span>\n\n\n\n<h2 class=\"gb-text gb-text-a18a268e\">Community creations<\/h2>\n<\/div>\n\n\n\n<div>\n<p class=\"gb-text gb-text-0d68602b\"><span style=\"background-color: rgba(0, 0, 0, 0); font-size: 0.875rem; letter-spacing: 0.02em;\">Tag <mark style=\"background-color:rgba(0, 0, 0, 0)\" class=\"has-inline-color has-accent-2-color\">#CraftCommunity<\/mark> for a chance to be featured in our monthly round-up.<\/span><\/p>\n<\/div>\n<\/div>\n\n\n\n<a class=\"gb-text gb-text-f981bf08\" href=\"#\">View all submissions<\/a>\n\n\n\n<figure class=\"wp-block-gallery has-nested-images columns-default is-cropped wp-block-gallery-1 is-layout-flex wp-block-gallery-is-layout-flex\">\n<figure class=\"wp-block-image size-large\"><img loading=\"lazy\" decoding=\"async\" width=\"150\" height=\"150\" data-id=\"2366\" src=\"https:\/\/dynamike.fr\/wp-content\/uploads\/2026\/04\/brochure-1-150x150-1.jpg\" alt=\"\" class=\"wp-image-2366\"\/><\/figure>\n\n\n\n<figure class=\"wp-block-image size-large\"><img loading=\"lazy\" decoding=\"async\" width=\"150\" height=\"150\" data-id=\"2368\" src=\"https:\/\/dynamike.fr\/wp-content\/uploads\/2026\/04\/carte-de-visite-150x150-1.jpg\" alt=\"\" class=\"wp-image-2368\"\/><\/figure>\n\n\n\n<figure class=\"wp-block-image size-large\"><img loading=\"lazy\" decoding=\"async\" width=\"150\" height=\"150\" data-id=\"2370\" src=\"https:\/\/dynamike.fr\/wp-content\/uploads\/2026\/04\/depliant-3-150x150-1.jpg\" alt=\"\" class=\"wp-image-2370\"\/><\/figure>\n\n\n\n<figure class=\"wp-block-image size-large\"><img loading=\"lazy\" decoding=\"async\" width=\"150\" height=\"150\" data-id=\"2367\" src=\"https:\/\/dynamike.fr\/wp-content\/uploads\/2026\/04\/flyers1-150x150-1.jpg\" alt=\"\" class=\"wp-image-2367\"\/><\/figure>\n\n\n\n<figure class=\"wp-block-image size-large\"><img loading=\"lazy\" decoding=\"async\" width=\"150\" height=\"150\" data-id=\"2369\" src=\"https:\/\/dynamike.fr\/wp-content\/uploads\/2026\/04\/depliant-1-150x150-1.jpg\" alt=\"\" class=\"wp-image-2369\"\/><\/figure>\n\n\n\n<figure class=\"wp-block-image size-large\"><img loading=\"lazy\" decoding=\"async\" width=\"150\" height=\"150\" data-id=\"2372\" src=\"https:\/\/dynamike.fr\/wp-content\/uploads\/2026\/04\/calendrier-150x150-1.png\" alt=\"\" class=\"wp-image-2372\"\/><\/figure>\n<\/figure>\n<\/div>\n<\/section>\n\n\n\n<section class=\"gb-element-fd87fc94\"><\/section>\n\n\n\n<section class=\"gb-element-ddce7cb0\">\n<div class=\"gb-element-39d432ae\">\n<div>\n<img loading=\"lazy\" decoding=\"async\" width=\"768\" height=\"512\" class=\"gb-media-9bae7ffc\" alt=\"Person writing on white paper\" src=\"https:\/\/sites.generatepress.com\/craft\/wp-content\/uploads\/sites\/200\/2025\/11\/content-pixie-_rSaHJ1pis8-unsplash-768x512.jpg\" title=\"Person writing on white paper\" srcset=\"https:\/\/dynamike.fr\/wp-content\/uploads\/2025\/11\/content-pixie-_rSaHJ1pis8-unsplash-768x512.jpg 768w, https:\/\/dynamike.fr\/wp-content\/uploads\/2025\/11\/content-pixie-_rSaHJ1pis8-unsplash-300x200.jpg 300w, https:\/\/dynamike.fr\/wp-content\/uploads\/2025\/11\/content-pixie-_rSaHJ1pis8-unsplash-1024x683.jpg 1024w, https:\/\/dynamike.fr\/wp-content\/uploads\/2025\/11\/content-pixie-_rSaHJ1pis8-unsplash-1536x1024.jpg 1536w, https:\/\/dynamike.fr\/wp-content\/uploads\/2025\/11\/content-pixie-_rSaHJ1pis8-unsplash.jpg 1920w\" sizes=\"auto, (max-width: 768px) 100vw, 768px\" \/>\n<\/div>\n\n\n\n<div>\n<img loading=\"lazy\" decoding=\"async\" width=\"768\" height=\"432\" class=\"gb-media-d9b0ca13\" alt=\"White wooden shelf with books and red ball\" src=\"https:\/\/sites.generatepress.com\/craft\/wp-content\/uploads\/sites\/200\/2025\/11\/kelina-cyril-hH8hcWUb3v8-unsplash-768x432.jpg\" title=\"White wooden shelf with books and red ball\" srcset=\"https:\/\/dynamike.fr\/wp-content\/uploads\/2025\/11\/kelina-cyril-hH8hcWUb3v8-unsplash-768x432.jpg 768w, https:\/\/dynamike.fr\/wp-content\/uploads\/2025\/11\/kelina-cyril-hH8hcWUb3v8-unsplash-300x169.jpg 300w, https:\/\/dynamike.fr\/wp-content\/uploads\/2025\/11\/kelina-cyril-hH8hcWUb3v8-unsplash-1024x576.jpg 1024w, https:\/\/dynamike.fr\/wp-content\/uploads\/2025\/11\/kelina-cyril-hH8hcWUb3v8-unsplash-1536x864.jpg 1536w, https:\/\/dynamike.fr\/wp-content\/uploads\/2025\/11\/kelina-cyril-hH8hcWUb3v8-unsplash.jpg 1920w\" sizes=\"auto, (max-width: 768px) 100vw, 768px\" \/>\n<\/div>\n\n\n\n<div>\n<img loading=\"lazy\" decoding=\"async\" width=\"1920\" height=\"1280\" class=\"gb-media-848511e6\" alt=\"Chairs beside table\" src=\"https:\/\/dynamike.fr\/wp-content\/uploads\/2025\/11\/raj-rana-zCQsBI7ZltQ-unsplash.jpg\" title=\"Chairs beside table\" srcset=\"https:\/\/dynamike.fr\/wp-content\/uploads\/2025\/11\/raj-rana-zCQsBI7ZltQ-unsplash.jpg 1920w, https:\/\/dynamike.fr\/wp-content\/uploads\/2025\/11\/raj-rana-zCQsBI7ZltQ-unsplash-300x200.jpg 300w, https:\/\/dynamike.fr\/wp-content\/uploads\/2025\/11\/raj-rana-zCQsBI7ZltQ-unsplash-1024x683.jpg 1024w, https:\/\/dynamike.fr\/wp-content\/uploads\/2025\/11\/raj-rana-zCQsBI7ZltQ-unsplash-768x512.jpg 768w, https:\/\/dynamike.fr\/wp-content\/uploads\/2025\/11\/raj-rana-zCQsBI7ZltQ-unsplash-1536x1024.jpg 1536w\" sizes=\"auto, (max-width: 1920px) 100vw, 1920px\" \/>\n<\/div>\n\n\n\n<div>\n<img loading=\"lazy\" decoding=\"async\" width=\"1920\" height=\"1280\" class=\"gb-media-6d45def9\" alt=\"A wooden desk topped with a laptop computer\" src=\"https:\/\/dynamike.fr\/wp-content\/uploads\/2025\/11\/marko-lengyel-ABuqkAcwlEs-unsplash.jpg\" title=\"A wooden desk topped with a laptop computer\" srcset=\"https:\/\/dynamike.fr\/wp-content\/uploads\/2025\/11\/marko-lengyel-ABuqkAcwlEs-unsplash.jpg 1920w, https:\/\/dynamike.fr\/wp-content\/uploads\/2025\/11\/marko-lengyel-ABuqkAcwlEs-unsplash-300x200.jpg 300w, https:\/\/dynamike.fr\/wp-content\/uploads\/2025\/11\/marko-lengyel-ABuqkAcwlEs-unsplash-1024x683.jpg 1024w, https:\/\/dynamike.fr\/wp-content\/uploads\/2025\/11\/marko-lengyel-ABuqkAcwlEs-unsplash-768x512.jpg 768w, https:\/\/dynamike.fr\/wp-content\/uploads\/2025\/11\/marko-lengyel-ABuqkAcwlEs-unsplash-1536x1024.jpg 1536w\" sizes=\"auto, (max-width: 1920px) 100vw, 1920px\" \/>\n<\/div>\n\n\n\n<div>\n<img loading=\"lazy\" decoding=\"async\" width=\"1920\" height=\"1440\" class=\"gb-media-8a207f13\" alt=\"\u0391 group of three vases sitting on top of a table\" src=\"https:\/\/dynamike.fr\/wp-content\/uploads\/2025\/11\/suraj-tomer-uVatepX54tc-unsplash.jpg\" title=\"\u0391 group of three vases sitting on top of a table\" srcset=\"https:\/\/dynamike.fr\/wp-content\/uploads\/2025\/11\/suraj-tomer-uVatepX54tc-unsplash.jpg 1920w, https:\/\/dynamike.fr\/wp-content\/uploads\/2025\/11\/suraj-tomer-uVatepX54tc-unsplash-300x225.jpg 300w, https:\/\/dynamike.fr\/wp-content\/uploads\/2025\/11\/suraj-tomer-uVatepX54tc-unsplash-1024x768.jpg 1024w, https:\/\/dynamike.fr\/wp-content\/uploads\/2025\/11\/suraj-tomer-uVatepX54tc-unsplash-768x576.jpg 768w, https:\/\/dynamike.fr\/wp-content\/uploads\/2025\/11\/suraj-tomer-uVatepX54tc-unsplash-1536x1152.jpg 1536w\" sizes=\"auto, (max-width: 1920px) 100vw, 1920px\" \/>\n<\/div>\n\n\n\n<div>\n<img loading=\"lazy\" decoding=\"async\" width=\"1920\" height=\"1282\" class=\"gb-media-82c150b6\" alt=\"Woman smiling holding glass mug sitting beside table with macbook\" src=\"https:\/\/dynamike.fr\/wp-content\/uploads\/2025\/11\/paige-cody-ITTqjS3UpoY-unsplash.jpg\" title=\"Woman smiling holding glass mug sitting beside table with macbook\" srcset=\"https:\/\/dynamike.fr\/wp-content\/uploads\/2025\/11\/paige-cody-ITTqjS3UpoY-unsplash.jpg 1920w, https:\/\/dynamike.fr\/wp-content\/uploads\/2025\/11\/paige-cody-ITTqjS3UpoY-unsplash-300x200.jpg 300w, https:\/\/dynamike.fr\/wp-content\/uploads\/2025\/11\/paige-cody-ITTqjS3UpoY-unsplash-1024x684.jpg 1024w, https:\/\/dynamike.fr\/wp-content\/uploads\/2025\/11\/paige-cody-ITTqjS3UpoY-unsplash-768x513.jpg 768w, https:\/\/dynamike.fr\/wp-content\/uploads\/2025\/11\/paige-cody-ITTqjS3UpoY-unsplash-1536x1026.jpg 1536w\" sizes=\"auto, (max-width: 1920px) 100vw, 1920px\" \/>\n<\/div>\n<\/div>\n<\/section>\n","protected":false},"excerpt":{"rendered":"<p>Agence de Publicit\u00e9 Dynamike L\u2019agence brivadoiseDynamikevous offre diff\u00e9rents services pour am\u00e9liorer votre communication et visibilit\u00e9.Tout l\u2019univers de la publicit\u00e9,&nbsp; brochures, s\u00e9rigraphie, adh\u00e9sifs, textiles, tous supports publicitaires \u2026 Impression Papier Tous vos flyers, cartes, d\u00e9pliants, affiches&#8230; View all Objets Publicitaires Des centaines d&#8217;objets publicitaires personnalis\u00e9s,v\u00eatements, tasses, porte-clefs&#8230; View all Grands Formats Impression tous supports en grands &#8230; <a title=\"Accueil\" class=\"read-more\" href=\"https:\/\/dynamike.fr\/\" aria-label=\"Read more about Accueil\">Read more<\/a><\/p>\n","protected":false},"author":1,"featured_media":0,"parent":0,"menu_order":0,"comment_status":"closed","ping_status":"open","template":"","meta":{"footnotes":""},"class_list":["post-2361","page","type-page","status-publish"],"_links":{"self":[{"href":"https:\/\/dynamike.fr\/index.php\/wp-json\/wp\/v2\/pages\/2361","targetHints":{"allow":["GET"]}}],"collection":[{"href":"https:\/\/dynamike.fr\/index.php\/wp-json\/wp\/v2\/pages"}],"about":[{"href":"https:\/\/dynamike.fr\/index.php\/wp-json\/wp\/v2\/types\/page"}],"author":[{"embeddable":true,"href":"https:\/\/dynamike.fr\/index.php\/wp-json\/wp\/v2\/users\/1"}],"replies":[{"embeddable":true,"href":"https:\/\/dynamike.fr\/index.php\/wp-json\/wp\/v2\/comments?post=2361"}],"version-history":[{"count":5,"href":"https:\/\/dynamike.fr\/index.php\/wp-json\/wp\/v2\/pages\/2361\/revisions"}],"predecessor-version":[{"id":2380,"href":"https:\/\/dynamike.fr\/index.php\/wp-json\/wp\/v2\/pages\/2361\/revisions\/2380"}],"wp:attachment":[{"href":"https:\/\/dynamike.fr\/index.php\/wp-json\/wp\/v2\/media?parent=2361"}],"curies":[{"name":"wp","href":"https:\/\/api.w.org\/{rel}","templated":true}]}}