{"id":73,"date":"2025-11-04T15:02:30","date_gmt":"2025-11-04T15:02:30","guid":{"rendered":"https:\/\/sites.generatepress.com\/craft\/?page_id=73"},"modified":"2026-04-14T19:48:06","modified_gmt":"2026-04-14T19:48:06","slug":"about","status":"publish","type":"page","link":"https:\/\/dynamike.fr\/?page_id=73","title":{"rendered":"Services"},"content":{"rendered":"\n<section class=\"gb-element-7cb2ca09\">\n<span class=\"gb-shape gb-shape-8573ae7e gb-shape--divider\"><svg preserveAspectRatio=\"none\" viewBox=\"0 0 1200 176\" xmlns=\"http:\/\/www.w3.org\/2000\/svg\"><path d=\"M0 176h1200V14L800 88 400 0 0 156z\"><\/path><\/svg><\/span>\n\n\n\n<div class=\"gb-element-8ef53ce2\">\n<h1 class=\"gb-text gb-text-4072e86c\">Votre communication<\/h1>\n\n\n\n<h1 class=\"gb-text gb-text-c8800f3c\">Vos objets publicitaires<\/h1>\n\n\n\n<p class=\"gb-text gb-text-b83dcfa7\">Nous r\u00e9alisons tous les visuels, objets n\u00e9cessaires \u00e0 votre communication.<\/p>\n<\/div>\n<\/section>\n","protected":false},"excerpt":{"rendered":"<p>Votre communication Vos objets publicitaires Nous r\u00e9alisons tous les visuels, objets n\u00e9cessaires \u00e0 votre communication.<\/p>\n","protected":false},"author":1,"featured_media":0,"parent":0,"menu_order":0,"comment_status":"closed","ping_status":"closed","template":"","meta":{"footnotes":""},"class_list":["post-73","page","type-page","status-publish"],"yoast_head":"<!-- This site is optimized with the Yoast SEO plugin v25.7 - https:\/\/yoast.com\/wordpress\/plugins\/seo\/ -->\n<title>Services - Dynamike<\/title>\n<meta name=\"robots\" content=\"index, follow, max-snippet:-1, max-image-preview:large, max-video-preview:-1\" \/>\n<link rel=\"canonical\" href=\"https:\/\/dynamike.fr\/?page_id=73\" \/>\n<meta property=\"og:locale\" content=\"en_US\" \/>\n<meta property=\"og:type\" content=\"article\" \/>\n<meta property=\"og:title\" content=\"Services - Dynamike\" \/>\n<meta property=\"og:description\" content=\"Votre communication Vos objets publicitaires Nous r\u00e9alisons tous les visuels, objets n\u00e9cessaires \u00e0 votre communication.\" \/>\n<meta property=\"og:url\" content=\"https:\/\/dynamike.fr\/?page_id=73\" \/>\n<meta property=\"og:site_name\" content=\"Dynamike\" \/>\n<meta property=\"article:modified_time\" content=\"2026-04-14T19:48:06+00:00\" \/>\n<meta name=\"twitter:card\" content=\"summary_large_image\" \/>\n<script type=\"application\/ld+json\" class=\"yoast-schema-graph\">{\"@context\":\"https:\/\/schema.org\",\"@graph\":[{\"@type\":\"WebPage\",\"@id\":\"https:\/\/dynamike.fr\/?page_id=73\",\"url\":\"https:\/\/dynamike.fr\/?page_id=73\",\"name\":\"Services - Dynamike\",\"isPartOf\":{\"@id\":\"https:\/\/dynamike.fr\/#website\"},\"datePublished\":\"2025-11-04T15:02:30+00:00\",\"dateModified\":\"2026-04-14T19:48:06+00:00\",\"breadcrumb\":{\"@id\":\"https:\/\/dynamike.fr\/?page_id=73#breadcrumb\"},\"inLanguage\":\"en-US\",\"potentialAction\":[{\"@type\":\"ReadAction\",\"target\":[\"https:\/\/dynamike.fr\/?page_id=73\"]}]},{\"@type\":\"BreadcrumbList\",\"@id\":\"https:\/\/dynamike.fr\/?page_id=73#breadcrumb\",\"itemListElement\":[{\"@type\":\"ListItem\",\"position\":1,\"name\":\"Home\",\"item\":\"https:\/\/dynamike.fr\/\"},{\"@type\":\"ListItem\",\"position\":2,\"name\":\"Services\"}]},{\"@type\":\"WebSite\",\"@id\":\"https:\/\/dynamike.fr\/#website\",\"url\":\"https:\/\/dynamike.fr\/\",\"name\":\"Dynamike\",\"description\":\"Agence de communication\",\"publisher\":{\"@id\":\"https:\/\/dynamike.fr\/#organization\"},\"potentialAction\":[{\"@type\":\"SearchAction\",\"target\":{\"@type\":\"EntryPoint\",\"urlTemplate\":\"https:\/\/dynamike.fr\/?s={search_term_string}\"},\"query-input\":{\"@type\":\"PropertyValueSpecification\",\"valueRequired\":true,\"valueName\":\"search_term_string\"}}],\"inLanguage\":\"en-US\"},{\"@type\":\"Organization\",\"@id\":\"https:\/\/dynamike.fr\/#organization\",\"name\":\"Dynamike\",\"url\":\"https:\/\/dynamike.fr\/\",\"logo\":{\"@type\":\"ImageObject\",\"inLanguage\":\"en-US\",\"@id\":\"https:\/\/dynamike.fr\/#\/schema\/logo\/image\/\",\"url\":\"https:\/\/dynamike.fr\/wp-content\/uploads\/2026\/04\/DYNAMIKE-banniere-rouge.png\",\"contentUrl\":\"https:\/\/dynamike.fr\/wp-content\/uploads\/2026\/04\/DYNAMIKE-banniere-rouge.png\",\"width\":1080,\"height\":268,\"caption\":\"Dynamike\"},\"image\":{\"@id\":\"https:\/\/dynamike.fr\/#\/schema\/logo\/image\/\"}}]}<\/script>\n<!-- \/ Yoast SEO plugin. -->","yoast_head_json":{"title":"Services - Dynamike","robots":{"index":"index","follow":"follow","max-snippet":"max-snippet:-1","max-image-preview":"max-image-preview:large","max-video-preview":"max-video-preview:-1"},"canonical":"https:\/\/dynamike.fr\/?page_id=73","og_locale":"en_US","og_type":"article","og_title":"Services - Dynamike","og_description":"Votre communication Vos objets publicitaires Nous r\u00e9alisons tous les visuels, objets n\u00e9cessaires \u00e0 votre communication.","og_url":"https:\/\/dynamike.fr\/?page_id=73","og_site_name":"Dynamike","article_modified_time":"2026-04-14T19:48:06+00:00","twitter_card":"summary_large_image","schema":{"@context":"https:\/\/schema.org","@graph":[{"@type":"WebPage","@id":"https:\/\/dynamike.fr\/?page_id=73","url":"https:\/\/dynamike.fr\/?page_id=73","name":"Services - Dynamike","isPartOf":{"@id":"https:\/\/dynamike.fr\/#website"},"datePublished":"2025-11-04T15:02:30+00:00","dateModified":"2026-04-14T19:48:06+00:00","breadcrumb":{"@id":"https:\/\/dynamike.fr\/?page_id=73#breadcrumb"},"inLanguage":"en-US","potentialAction":[{"@type":"ReadAction","target":["https:\/\/dynamike.fr\/?page_id=73"]}]},{"@type":"BreadcrumbList","@id":"https:\/\/dynamike.fr\/?page_id=73#breadcrumb","itemListElement":[{"@type":"ListItem","position":1,"name":"Home","item":"https:\/\/dynamike.fr\/"},{"@type":"ListItem","position":2,"name":"Services"}]},{"@type":"WebSite","@id":"https:\/\/dynamike.fr\/#website","url":"https:\/\/dynamike.fr\/","name":"Dynamike","description":"Agence de communication","publisher":{"@id":"https:\/\/dynamike.fr\/#organization"},"potentialAction":[{"@type":"SearchAction","target":{"@type":"EntryPoint","urlTemplate":"https:\/\/dynamike.fr\/?s={search_term_string}"},"query-input":{"@type":"PropertyValueSpecification","valueRequired":true,"valueName":"search_term_string"}}],"inLanguage":"en-US"},{"@type":"Organization","@id":"https:\/\/dynamike.fr\/#organization","name":"Dynamike","url":"https:\/\/dynamike.fr\/","logo":{"@type":"ImageObject","inLanguage":"en-US","@id":"https:\/\/dynamike.fr\/#\/schema\/logo\/image\/","url":"https:\/\/dynamike.fr\/wp-content\/uploads\/2026\/04\/DYNAMIKE-banniere-rouge.png","contentUrl":"https:\/\/dynamike.fr\/wp-content\/uploads\/2026\/04\/DYNAMIKE-banniere-rouge.png","width":1080,"height":268,"caption":"Dynamike"},"image":{"@id":"https:\/\/dynamike.fr\/#\/schema\/logo\/image\/"}}]}},"_links":{"self":[{"href":"https:\/\/dynamike.fr\/index.php?rest_route=\/wp\/v2\/pages\/73","targetHints":{"allow":["GET"]}}],"collection":[{"href":"https:\/\/dynamike.fr\/index.php?rest_route=\/wp\/v2\/pages"}],"about":[{"href":"https:\/\/dynamike.fr\/index.php?rest_route=\/wp\/v2\/types\/page"}],"author":[{"embeddable":true,"href":"https:\/\/dynamike.fr\/index.php?rest_route=\/wp\/v2\/users\/1"}],"replies":[{"embeddable":true,"href":"https:\/\/dynamike.fr\/index.php?rest_route=%2Fwp%2Fv2%2Fcomments&post=73"}],"version-history":[{"count":2,"href":"https:\/\/dynamike.fr\/index.php?rest_route=\/wp\/v2\/pages\/73\/revisions"}],"predecessor-version":[{"id":2405,"href":"https:\/\/dynamike.fr\/index.php?rest_route=\/wp\/v2\/pages\/73\/revisions\/2405"}],"wp:attachment":[{"href":"https:\/\/dynamike.fr\/index.php?rest_route=%2Fwp%2Fv2%2Fmedia&parent=73"}],"curies":[{"name":"wp","href":"https:\/\/api.w.org\/{rel}","templated":true}]}}